{"id":2,"date":"2024-06-18T07:24:09","date_gmt":"2024-06-18T07:24:09","guid":{"rendered":"https:\/\/basakatu.rkinformatika.online\/?page_id=2"},"modified":"2025-06-17T15:25:08","modified_gmt":"2025-06-17T15:25:08","slug":"inicio","status":"publish","type":"page","link":"https:\/\/basakatu.com\/eus\/","title":{"rendered":"Hasiera"},"content":{"rendered":"\t\t<div data-elementor-type=\"wp-page\" data-elementor-id=\"2\" class=\"elementor elementor-2\" data-elementor-post-type=\"page\">\n\t\t\t\t\t\t<section class=\"elementor-section elementor-top-section elementor-element elementor-element-7f6c202 elementor-section-boxed elementor-section-height-default elementor-section-height-default\" data-id=\"7f6c202\" data-element_type=\"section\" data-e-type=\"section\" data-settings=\"{&quot;background_background&quot;:&quot;slideshow&quot;,&quot;background_slideshow_ken_burns&quot;:&quot;yes&quot;,&quot;background_slideshow_gallery&quot;:[{&quot;id&quot;:895,&quot;url&quot;:&quot;https:\\\/\\\/basakatu.com\\\/wp-content\\\/uploads\\\/2024\\\/06\\\/lace-leaf-japanese-maple-and-japanese-maple-acer-palmatum-butchart-gardens-victoria.jpg&quot;},{&quot;id&quot;:868,&quot;url&quot;:&quot;https:\\\/\\\/basakatu.com\\\/wp-content\\\/uploads\\\/2024\\\/06\\\/ecologist-digging-pit-by-shovel-and-planting-tree.jpg&quot;},{&quot;id&quot;:866,&quot;url&quot;:&quot;https:\\\/\\\/basakatu.com\\\/wp-content\\\/uploads\\\/2024\\\/06\\\/controlled-fire-burn.jpg&quot;},{&quot;id&quot;:869,&quot;url&quot;:&quot;https:\\\/\\\/basakatu.com\\\/wp-content\\\/uploads\\\/2024\\\/06\\\/plant-tree.jpg&quot;},{&quot;id&quot;:772,&quot;url&quot;:&quot;https:\\\/\\\/basakatu.com\\\/wp-content\\\/uploads\\\/2024\\\/06\\\/2.jpg&quot;},{&quot;id&quot;:855,&quot;url&quot;:&quot;https:\\\/\\\/basakatu.com\\\/wp-content\\\/uploads\\\/2024\\\/06\\\/pruning-a-tree.jpg&quot;},{&quot;id&quot;:858,&quot;url&quot;:&quot;https:\\\/\\\/basakatu.com\\\/wp-content\\\/uploads\\\/2024\\\/06\\\/firewood-log-background.jpg&quot;},{&quot;id&quot;:884,&quot;url&quot;:&quot;https:\\\/\\\/basakatu.com\\\/wp-content\\\/uploads\\\/2024\\\/06\\\/garden-maintenance.jpg&quot;},{&quot;id&quot;:891,&quot;url&quot;:&quot;https:\\\/\\\/basakatu.com\\\/wp-content\\\/uploads\\\/2024\\\/06\\\/cleaning-and-maintenance-swimming-pool-with-net-skimmer.jpg&quot;},{&quot;id&quot;:771,&quot;url&quot;:&quot;https:\\\/\\\/basakatu.com\\\/wp-content\\\/uploads\\\/2024\\\/06\\\/1.jpg&quot;},{&quot;id&quot;:748,&quot;url&quot;:&quot;https:\\\/\\\/basakatu.com\\\/wp-content\\\/uploads\\\/2024\\\/06\\\/tree-cutter-hanging-on-rope-in-tree.jpg&quot;}],&quot;background_slideshow_slide_duration&quot;:4000,&quot;background_slideshow_loop&quot;:&quot;yes&quot;,&quot;background_slideshow_slide_transition&quot;:&quot;fade&quot;,&quot;background_slideshow_transition_duration&quot;:500,&quot;background_slideshow_ken_burns_zoom_direction&quot;:&quot;in&quot;}\">\n\t\t\t\t\t\t\t<div class=\"elementor-background-overlay\"><\/div>\n\t\t\t\t\t\t\t<div class=\"elementor-container elementor-column-gap-default\">\n\t\t\t\t\t<div class=\"elementor-column elementor-col-100 elementor-top-column elementor-element elementor-element-0ee6215\" data-id=\"0ee6215\" data-element_type=\"column\" data-e-type=\"column\">\n\t\t\t<div class=\"elementor-widget-wrap elementor-element-populated\">\n\t\t\t\t\t\t<section class=\"elementor-section elementor-inner-section elementor-element elementor-element-524c164 elementor-section-boxed elementor-section-height-default elementor-section-height-default\" data-id=\"524c164\" data-element_type=\"section\" data-e-type=\"section\">\n\t\t\t\t\t\t<div class=\"elementor-container elementor-column-gap-default\">\n\t\t\t\t\t<div class=\"elementor-column elementor-col-100 elementor-inner-column elementor-element elementor-element-d090451\" data-id=\"d090451\" data-element_type=\"column\" data-e-type=\"column\">\n\t\t\t<div class=\"elementor-widget-wrap elementor-element-populated\">\n\t\t\t\t\t\t<div class=\"elementor-element elementor-element-b2d7286 elementor-widget-divider--view-line_text elementor-widget-divider--element-align-right elementor-widget__width-initial elementor-widget-mobile__width-initial elementor-invisible elementor-widget elementor-widget-divider\" data-id=\"b2d7286\" data-element_type=\"widget\" data-e-type=\"widget\" data-settings=\"{&quot;_animation&quot;:&quot;fadeInRight&quot;}\" data-widget_type=\"divider.default\">\n\t\t\t\t<div class=\"elementor-widget-container\">\n\t\t\t\t\t\t\t<div class=\"elementor-divider\">\n\t\t\t<span class=\"elementor-divider-separator\">\n\t\t\t\t\t\t\t<span class=\"elementor-divider__text elementor-divider__element\">\n\t\t\t\tDesde 15 A\u00f1os\t\t\t\t<\/span>\n\t\t\t\t\t\t<\/span>\n\t\t<\/div>\n\t\t\t\t\t\t<\/div>\n\t\t\t\t<\/div>\n\t\t\t\t<div class=\"elementor-element elementor-element-0547012 elementor-widget__width-initial elementor-widget-tablet__width-initial elementor-widget-mobile__width-initial elementor-invisible elementor-widget elementor-widget-heading\" data-id=\"0547012\" data-element_type=\"widget\" data-e-type=\"widget\" data-settings=\"{&quot;_animation&quot;:&quot;fadeInRight&quot;}\" data-widget_type=\"heading.default\">\n\t\t\t\t<div class=\"elementor-widget-container\">\n\t\t\t\t\t<h2 class=\"elementor-heading-title elementor-size-default\">Ofrecemos servicios de mantenimiento forestal y jardiner\u00eda, incluyendo poda especializada, dise\u00f1o de jardines, tratamiento de \u00e1rboles y venta de equipos y productos para el cuidado de exteriores.<\/h2>\t\t\t\t<\/div>\n\t\t\t\t<\/div>\n\t\t\t\t\t<\/div>\n\t\t<\/div>\n\t\t\t\t\t<\/div>\n\t\t<\/section>\n\t\t\t\t\t<\/div>\n\t\t<\/div>\n\t\t\t\t\t<\/div>\n\t\t<\/section>\n\t\t<div class=\"elementor-element elementor-element-3a32c522 e-con-full e-flex e-con e-parent\" data-id=\"3a32c522\" data-element_type=\"container\" data-e-type=\"container\" data-settings=\"{&quot;background_background&quot;:&quot;classic&quot;}\">\n\t\t<div class=\"elementor-element elementor-element-597076e0 e-con-full e-flex e-con e-child\" data-id=\"597076e0\" data-element_type=\"container\" data-e-type=\"container\">\n\t\t\t\t<div class=\"elementor-element elementor-element-3e35eb4b elementor-widget__width-inherit elementor-widget-mobile__width-inherit elementor-widget elementor-widget-image-box\" data-id=\"3e35eb4b\" data-element_type=\"widget\" data-e-type=\"widget\" data-widget_type=\"image-box.default\">\n\t\t\t\t<div class=\"elementor-widget-container\">\n\t\t\t\t\t<div class=\"elementor-image-box-wrapper\"><div class=\"elementor-image-box-content\"><h3 class=\"elementor-image-box-title\">Sobre Nosotros<\/h3><p class=\"elementor-image-box-description\">Con una s\u00f3lida trayectoria de 15 a\u00f1os como aut\u00f3nomo y m\u00e1s de 30 a\u00f1os de experiencia en trabajos forestales y jardiner\u00eda, nos dedicamos apasionadamente al cuidado integral de espacios verdes. Nuestros servicios abarcan desde el mantenimiento de jardines, piscinas y cercados para ganader\u00eda, hasta podas especializadas, venta de le\u00f1a troceada y fumigaciones. Adem\u00e1s, nos especializamos en la limpieza de terrenos y el dise\u00f1o meticuloso de jardines japoneses, combinando conocimientos t\u00e9cnicos con un profundo respeto por la est\u00e9tica y la funcionalidad del entorno natural.<\/p><\/div><\/div>\t\t\t\t<\/div>\n\t\t\t\t<\/div>\n\t\t\t\t<div class=\"elementor-element elementor-element-5e19ad3c elementor-widget elementor-widget-image\" data-id=\"5e19ad3c\" data-element_type=\"widget\" data-e-type=\"widget\" data-widget_type=\"image.default\">\n\t\t\t\t<div class=\"elementor-widget-container\">\n\t\t\t\t\t\t\t\t\t\t\t\t\t\t\t<img fetchpriority=\"high\" decoding=\"async\" width=\"800\" height=\"538\" src=\"https:\/\/basakatu.com\/wp-content\/uploads\/2024\/06\/garden-pest-control-service-1024x689.jpg\" class=\"attachment-large size-large wp-image-899\" alt=\"Garden Pest Control Service\" srcset=\"https:\/\/basakatu.com\/wp-content\/uploads\/2024\/06\/garden-pest-control-service-1024x689.jpg 1024w, https:\/\/basakatu.com\/wp-content\/uploads\/2024\/06\/garden-pest-control-service-300x202.jpg 300w, https:\/\/basakatu.com\/wp-content\/uploads\/2024\/06\/garden-pest-control-service-768x516.jpg 768w, https:\/\/basakatu.com\/wp-content\/uploads\/2024\/06\/garden-pest-control-service-1536x1033.jpg 1536w, https:\/\/basakatu.com\/wp-content\/uploads\/2024\/06\/garden-pest-control-service-18x12.jpg 18w, https:\/\/basakatu.com\/wp-content\/uploads\/2024\/06\/garden-pest-control-service.jpg 2000w\" sizes=\"(max-width: 800px) 100vw, 800px\" \/>\t\t\t\t\t\t\t\t\t\t\t\t\t\t\t<\/div>\n\t\t\t\t<\/div>\n\t\t\t\t<\/div>\n\t\t<div class=\"elementor-element elementor-element-5c72594 e-con-full e-flex e-con e-child\" data-id=\"5c72594\" data-element_type=\"container\" data-e-type=\"container\">\n\t\t\t\t<div class=\"elementor-element elementor-element-1100f532 elementor-widget__width-initial elementor-widget-tablet__width-inherit elementor-widget-mobile__width-inherit elementor-position-top elementor-widget elementor-widget-image-box\" data-id=\"1100f532\" data-element_type=\"widget\" data-e-type=\"widget\" data-widget_type=\"image-box.default\">\n\t\t\t\t<div class=\"elementor-widget-container\">\n\t\t\t\t\t<div class=\"elementor-image-box-wrapper\"><figure class=\"elementor-image-box-img\"><img decoding=\"async\" width=\"2000\" height=\"1335\" src=\"https:\/\/basakatu.com\/wp-content\/uploads\/2024\/06\/gardener-hands-picking-and-planting-vegetable-plant-in-the-garden.jpg\" class=\"attachment-full size-full wp-image-477\" alt=\"Gardener hands picking and planting vegetable plant in the garden\" srcset=\"https:\/\/basakatu.com\/wp-content\/uploads\/2024\/06\/gardener-hands-picking-and-planting-vegetable-plant-in-the-garden.jpg 2000w, https:\/\/basakatu.com\/wp-content\/uploads\/2024\/06\/gardener-hands-picking-and-planting-vegetable-plant-in-the-garden-300x200.jpg 300w, https:\/\/basakatu.com\/wp-content\/uploads\/2024\/06\/gardener-hands-picking-and-planting-vegetable-plant-in-the-garden-1024x684.jpg 1024w, https:\/\/basakatu.com\/wp-content\/uploads\/2024\/06\/gardener-hands-picking-and-planting-vegetable-plant-in-the-garden-768x513.jpg 768w, https:\/\/basakatu.com\/wp-content\/uploads\/2024\/06\/gardener-hands-picking-and-planting-vegetable-plant-in-the-garden-1536x1025.jpg 1536w, https:\/\/basakatu.com\/wp-content\/uploads\/2024\/06\/gardener-hands-picking-and-planting-vegetable-plant-in-the-garden-18x12.jpg 18w\" sizes=\"(max-width: 2000px) 100vw, 2000px\" \/><\/figure><div class=\"elementor-image-box-content\"><p class=\"elementor-image-box-description\">Ofrecemos soluciones personalizadas y eficientes para particulares y empresas que valoran la calidad y el compromiso con el medio ambiente. Nuestro enfoque se centra en superar las expectativas de nuestros clientes, garantizando un servicio profesional, seguro y responsable en cada proyecto que emprendemos. Conf\u00ede en nuestra experiencia y dedicaci\u00f3n para transformar y mantener sus espacios exteriores con excelencia y cuidado experto.\n\n\n\n<\/p><\/div><\/div>\t\t\t\t<\/div>\n\t\t\t\t<\/div>\n\t\t\t\t<\/div>\n\t\t\t\t<\/div>\n\t\t\t\t<section class=\"elementor-section elementor-top-section elementor-element elementor-element-6858ac6 elementor-section-full_width elementor-section-height-min-height elementor-section-height-default elementor-section-items-middle\" data-id=\"6858ac6\" data-element_type=\"section\" data-e-type=\"section\" data-settings=\"{&quot;background_background&quot;:&quot;classic&quot;}\">\n\t\t\t\t\t\t\t<div class=\"elementor-background-overlay\"><\/div>\n\t\t\t\t\t\t\t<div class=\"elementor-container elementor-column-gap-default\">\n\t\t\t\t\t<div class=\"elementor-column elementor-col-100 elementor-top-column elementor-element elementor-element-785161b\" data-id=\"785161b\" data-element_type=\"column\" data-e-type=\"column\">\n\t\t\t<div class=\"elementor-widget-wrap elementor-element-populated\">\n\t\t\t\t\t\t<div class=\"elementor-element elementor-element-f6e80a5 elementor-invisible elementor-widget elementor-widget-text-editor\" data-id=\"f6e80a5\" data-element_type=\"widget\" data-e-type=\"widget\" data-settings=\"{&quot;_animation&quot;:&quot;zoomIn&quot;}\" data-widget_type=\"text-editor.default\">\n\t\t\t\t<div class=\"elementor-widget-container\">\n\t\t\t\t\t\t\t\t\t<p>\u00bfQuieres mejorar tu espacio exterior?<\/p>\t\t\t\t\t\t\t\t<\/div>\n\t\t\t\t<\/div>\n\t\t\t\t<div class=\"elementor-element elementor-element-1c2e824 elementor-invisible elementor-widget elementor-widget-text-editor\" data-id=\"1c2e824\" data-element_type=\"widget\" data-e-type=\"widget\" data-settings=\"{&quot;_animation&quot;:&quot;zoomIn&quot;}\" data-widget_type=\"text-editor.default\">\n\t\t\t\t<div class=\"elementor-widget-container\">\n\t\t\t\t\t\t\t\t\t<p>\u00a1Descubre nuestras soluciones de jardiner\u00eda!<\/p>\t\t\t\t\t\t\t\t<\/div>\n\t\t\t\t<\/div>\n\t\t\t\t<div class=\"elementor-element elementor-element-fdb4a15 elementor-align-center elementor-widget elementor-widget-button\" data-id=\"fdb4a15\" data-element_type=\"widget\" data-e-type=\"widget\" data-widget_type=\"button.default\">\n\t\t\t\t<div class=\"elementor-widget-container\">\n\t\t\t\t\t\t\t\t\t<div class=\"elementor-button-wrapper\">\n\t\t\t\t\t<a class=\"elementor-button elementor-button-link elementor-size-sm\" href=\"https:\/\/basakatu.com\/servicios\/\">\n\t\t\t\t\t\t<span class=\"elementor-button-content-wrapper\">\n\t\t\t\t\t\t\t\t\t<span class=\"elementor-button-text\"> Servicios<\/span>\n\t\t\t\t\t<\/span>\n\t\t\t\t\t<\/a>\n\t\t\t\t<\/div>\n\t\t\t\t\t\t\t\t<\/div>\n\t\t\t\t<\/div>\n\t\t\t\t\t<\/div>\n\t\t<\/div>\n\t\t\t\t\t<\/div>\n\t\t<\/section>\n\t\t\t\t<\/div>\n\t\t","protected":false},"excerpt":{"rendered":"<p>Desde 15 A\u00f1os Ofrecemos servicios de mantenimiento forestal y jardiner\u00eda, incluyendo poda especializada, dise\u00f1o de jardines, tratamiento de \u00e1rboles y venta de equipos y productos para el cuidado de exteriores. Sobre Nosotros Con una s\u00f3lida trayectoria de 15 a\u00f1os como aut\u00f3nomo y m\u00e1s de 30 a\u00f1os de experiencia en trabajos forestales y jardiner\u00eda, nos dedicamos [&hellip;]<\/p>\n","protected":false},"author":1,"featured_media":0,"parent":0,"menu_order":0,"comment_status":"closed","ping_status":"closed","template":"elementor_canvas","meta":{"footnotes":""},"class_list":["post-2","page","type-page","status-publish","hentry"],"yoast_head":"<!-- This site is optimized with the Yoast SEO plugin v27.5 - https:\/\/yoast.com\/product\/yoast-seo-wordpress\/ -->\n<title>Inicio - Basakatu<\/title>\n<meta name=\"robots\" content=\"index, follow, max-snippet:-1, max-image-preview:large, max-video-preview:-1\" \/>\n<link rel=\"canonical\" href=\"https:\/\/basakatu.com\/eus\/\" \/>\n<meta property=\"og:locale\" content=\"en_US\" \/>\n<meta property=\"og:type\" content=\"article\" \/>\n<meta property=\"og:title\" content=\"Inicio - Basakatu\" \/>\n<meta property=\"og:description\" content=\"Desde 15 A\u00f1os Ofrecemos servicios de mantenimiento forestal y jardiner\u00eda, incluyendo poda especializada, dise\u00f1o de jardines, tratamiento de \u00e1rboles y venta de equipos y productos para el cuidado de exteriores. Sobre Nosotros Con una s\u00f3lida trayectoria de 15 a\u00f1os como aut\u00f3nomo y m\u00e1s de 30 a\u00f1os de experiencia en trabajos forestales y jardiner\u00eda, nos dedicamos [&hellip;]\" \/>\n<meta property=\"og:url\" content=\"https:\/\/basakatu.com\/eus\/\" \/>\n<meta property=\"og:site_name\" content=\"Basakatu\" \/>\n<meta property=\"article:modified_time\" content=\"2025-06-17T15:25:08+00:00\" \/>\n<meta property=\"og:image\" content=\"https:\/\/basakatu.com\/wp-content\/uploads\/2024\/06\/garden-pest-control-service.jpg\" \/>\n\t<meta property=\"og:image:width\" content=\"2000\" \/>\n\t<meta property=\"og:image:height\" content=\"1345\" \/>\n\t<meta property=\"og:image:type\" content=\"image\/jpeg\" \/>\n<meta name=\"twitter:card\" content=\"summary_large_image\" \/>\n<meta name=\"twitter:label1\" content=\"Est. reading time\" \/>\n\t<meta name=\"twitter:data1\" content=\"2 minutua\" \/>\n<script type=\"application\/ld+json\" class=\"yoast-schema-graph\">{\"@context\":\"https:\\\/\\\/schema.org\",\"@graph\":[{\"@type\":\"WebPage\",\"@id\":\"https:\\\/\\\/basakatu.com\\\/\",\"url\":\"https:\\\/\\\/basakatu.com\\\/\",\"name\":\"Inicio - Basakatu\",\"isPartOf\":{\"@id\":\"https:\\\/\\\/basakatu.com\\\/#website\"},\"primaryImageOfPage\":{\"@id\":\"https:\\\/\\\/basakatu.com\\\/#primaryimage\"},\"image\":{\"@id\":\"https:\\\/\\\/basakatu.com\\\/#primaryimage\"},\"thumbnailUrl\":\"https:\\\/\\\/basakatu.com\\\/wp-content\\\/uploads\\\/2024\\\/06\\\/garden-pest-control-service-1024x689.jpg\",\"datePublished\":\"2024-06-18T07:24:09+00:00\",\"dateModified\":\"2025-06-17T15:25:08+00:00\",\"breadcrumb\":{\"@id\":\"https:\\\/\\\/basakatu.com\\\/#breadcrumb\"},\"inLanguage\":\"eu\",\"potentialAction\":[{\"@type\":\"ReadAction\",\"target\":[\"https:\\\/\\\/basakatu.com\\\/\"]}]},{\"@type\":\"ImageObject\",\"inLanguage\":\"eu\",\"@id\":\"https:\\\/\\\/basakatu.com\\\/#primaryimage\",\"url\":\"https:\\\/\\\/basakatu.com\\\/wp-content\\\/uploads\\\/2024\\\/06\\\/garden-pest-control-service-1024x689.jpg\",\"contentUrl\":\"https:\\\/\\\/basakatu.com\\\/wp-content\\\/uploads\\\/2024\\\/06\\\/garden-pest-control-service-1024x689.jpg\"},{\"@type\":\"BreadcrumbList\",\"@id\":\"https:\\\/\\\/basakatu.com\\\/#breadcrumb\",\"itemListElement\":[{\"@type\":\"ListItem\",\"position\":1,\"name\":\"Portada\",\"item\":\"https:\\\/\\\/basakatu.com\\\/\"},{\"@type\":\"ListItem\",\"position\":2,\"name\":\"Inicio\"}]},{\"@type\":\"WebSite\",\"@id\":\"https:\\\/\\\/basakatu.com\\\/#website\",\"url\":\"https:\\\/\\\/basakatu.com\\\/\",\"name\":\"Basakatu\",\"description\":\"\",\"publisher\":{\"@id\":\"https:\\\/\\\/basakatu.com\\\/#organization\"},\"potentialAction\":[{\"@type\":\"SearchAction\",\"target\":{\"@type\":\"EntryPoint\",\"urlTemplate\":\"https:\\\/\\\/basakatu.com\\\/?s={search_term_string}\"},\"query-input\":{\"@type\":\"PropertyValueSpecification\",\"valueRequired\":true,\"valueName\":\"search_term_string\"}}],\"inLanguage\":\"eu\"},{\"@type\":\"Organization\",\"@id\":\"https:\\\/\\\/basakatu.com\\\/#organization\",\"name\":\"Basakatu\",\"url\":\"https:\\\/\\\/basakatu.com\\\/\",\"logo\":{\"@type\":\"ImageObject\",\"inLanguage\":\"eu\",\"@id\":\"https:\\\/\\\/basakatu.com\\\/#\\\/schema\\\/logo\\\/image\\\/\",\"url\":\"https:\\\/\\\/basakatu.com\\\/wp-content\\\/uploads\\\/2024\\\/06\\\/cropped-cropped-Basakatu_Mesa-de-trabajo-1.png\",\"contentUrl\":\"https:\\\/\\\/basakatu.com\\\/wp-content\\\/uploads\\\/2024\\\/06\\\/cropped-cropped-Basakatu_Mesa-de-trabajo-1.png\",\"width\":1920,\"height\":375,\"caption\":\"Basakatu\"},\"image\":{\"@id\":\"https:\\\/\\\/basakatu.com\\\/#\\\/schema\\\/logo\\\/image\\\/\"}}]}<\/script>\n<!-- \/ Yoast SEO plugin. -->","yoast_head_json":{"title":"Inicio - Basakatu","robots":{"index":"index","follow":"follow","max-snippet":"max-snippet:-1","max-image-preview":"max-image-preview:large","max-video-preview":"max-video-preview:-1"},"canonical":"https:\/\/basakatu.com\/eus\/","og_locale":"en_US","og_type":"article","og_title":"Inicio - Basakatu","og_description":"Desde 15 A\u00f1os Ofrecemos servicios de mantenimiento forestal y jardiner\u00eda, incluyendo poda especializada, dise\u00f1o de jardines, tratamiento de \u00e1rboles y venta de equipos y productos para el cuidado de exteriores. Sobre Nosotros Con una s\u00f3lida trayectoria de 15 a\u00f1os como aut\u00f3nomo y m\u00e1s de 30 a\u00f1os de experiencia en trabajos forestales y jardiner\u00eda, nos dedicamos [&hellip;]","og_url":"https:\/\/basakatu.com\/eus\/","og_site_name":"Basakatu","article_modified_time":"2025-06-17T15:25:08+00:00","og_image":[{"width":2000,"height":1345,"url":"https:\/\/basakatu.com\/wp-content\/uploads\/2024\/06\/garden-pest-control-service.jpg","type":"image\/jpeg"}],"twitter_card":"summary_large_image","twitter_misc":{"Est. reading time":"2 minutua"},"schema":{"@context":"https:\/\/schema.org","@graph":[{"@type":"WebPage","@id":"https:\/\/basakatu.com\/","url":"https:\/\/basakatu.com\/","name":"Inicio - Basakatu","isPartOf":{"@id":"https:\/\/basakatu.com\/#website"},"primaryImageOfPage":{"@id":"https:\/\/basakatu.com\/#primaryimage"},"image":{"@id":"https:\/\/basakatu.com\/#primaryimage"},"thumbnailUrl":"https:\/\/basakatu.com\/wp-content\/uploads\/2024\/06\/garden-pest-control-service-1024x689.jpg","datePublished":"2024-06-18T07:24:09+00:00","dateModified":"2025-06-17T15:25:08+00:00","breadcrumb":{"@id":"https:\/\/basakatu.com\/#breadcrumb"},"inLanguage":"eu","potentialAction":[{"@type":"ReadAction","target":["https:\/\/basakatu.com\/"]}]},{"@type":"ImageObject","inLanguage":"eu","@id":"https:\/\/basakatu.com\/#primaryimage","url":"https:\/\/basakatu.com\/wp-content\/uploads\/2024\/06\/garden-pest-control-service-1024x689.jpg","contentUrl":"https:\/\/basakatu.com\/wp-content\/uploads\/2024\/06\/garden-pest-control-service-1024x689.jpg"},{"@type":"BreadcrumbList","@id":"https:\/\/basakatu.com\/#breadcrumb","itemListElement":[{"@type":"ListItem","position":1,"name":"Portada","item":"https:\/\/basakatu.com\/"},{"@type":"ListItem","position":2,"name":"Inicio"}]},{"@type":"WebSite","@id":"https:\/\/basakatu.com\/#website","url":"https:\/\/basakatu.com\/","name":"Basakatu","description":"","publisher":{"@id":"https:\/\/basakatu.com\/#organization"},"potentialAction":[{"@type":"SearchAction","target":{"@type":"EntryPoint","urlTemplate":"https:\/\/basakatu.com\/?s={search_term_string}"},"query-input":{"@type":"PropertyValueSpecification","valueRequired":true,"valueName":"search_term_string"}}],"inLanguage":"eu"},{"@type":"Organization","@id":"https:\/\/basakatu.com\/#organization","name":"Basakatu","url":"https:\/\/basakatu.com\/","logo":{"@type":"ImageObject","inLanguage":"eu","@id":"https:\/\/basakatu.com\/#\/schema\/logo\/image\/","url":"https:\/\/basakatu.com\/wp-content\/uploads\/2024\/06\/cropped-cropped-Basakatu_Mesa-de-trabajo-1.png","contentUrl":"https:\/\/basakatu.com\/wp-content\/uploads\/2024\/06\/cropped-cropped-Basakatu_Mesa-de-trabajo-1.png","width":1920,"height":375,"caption":"Basakatu"},"image":{"@id":"https:\/\/basakatu.com\/#\/schema\/logo\/image\/"}}]}},"_links":{"self":[{"href":"https:\/\/basakatu.com\/eus\/wp-json\/wp\/v2\/pages\/2","targetHints":{"allow":["GET"]}}],"collection":[{"href":"https:\/\/basakatu.com\/eus\/wp-json\/wp\/v2\/pages"}],"about":[{"href":"https:\/\/basakatu.com\/eus\/wp-json\/wp\/v2\/types\/page"}],"author":[{"embeddable":true,"href":"https:\/\/basakatu.com\/eus\/wp-json\/wp\/v2\/users\/1"}],"replies":[{"embeddable":true,"href":"https:\/\/basakatu.com\/eus\/wp-json\/wp\/v2\/comments?post=2"}],"version-history":[{"count":205,"href":"https:\/\/basakatu.com\/eus\/wp-json\/wp\/v2\/pages\/2\/revisions"}],"predecessor-version":[{"id":1294,"href":"https:\/\/basakatu.com\/eus\/wp-json\/wp\/v2\/pages\/2\/revisions\/1294"}],"wp:attachment":[{"href":"https:\/\/basakatu.com\/eus\/wp-json\/wp\/v2\/media?parent=2"}],"curies":[{"name":"wp","href":"https:\/\/api.w.org\/{rel}","templated":true}]}}